{"id":2,"date":"2025-08-23T11:46:36","date_gmt":"2025-08-23T10:46:36","guid":{"rendered":"http:\/\/roroblogging.ddns.net\/?page_id=2"},"modified":"2025-09-03T16:27:44","modified_gmt":"2025-09-03T15:27:44","slug":"about","status":"publish","type":"page","link":"https:\/\/roroblogging.ddns.net\/?page_id=2","title":{"rendered":"\u00dcber uns"},"content":{"rendered":"\n<p class=\"is-style-text-subtitle\">Willkommen auf unserem Blog!<\/p>\n\n\n\n<blockquote class=\"wp-block-quote is-layout-flow wp-block-quote-is-layout-flow\">\n<p>Ja, hallo erstmal&#8230; Wir wissen gar&nbsp;nicht, ob Sie&#8217;s&nbsp;wussten&#8230;<\/p>\n<\/blockquote>\n\n\n\n<p>Wir sind ein <strong>reiselustiges, bergaffines, kletterfanatisches, zw\u00f6lfbeiniges Mensch-Hund-Team<\/strong>:<\/p>\n\n\n\n<ul class=\"wp-block-list\">\n<li><strong>Cima<\/strong> \u2013 unsere weise Eurasier-H\u00fcndin, stets ruhig und aufmerksam.<\/li>\n\n\n\n<li><strong>Happy<\/strong> \u2013 ihre energiegeladene Tochter, immer voller Tatendrang und Spa\u00df.<\/li>\n\n\n\n<li><strong>Tobi<\/strong> \u2013 Wohnmobil-Veredler, Teambuilder, Kletterfan und unser Aufpasser, liebt den Grat zwischen Tradition und Moderne.<\/li>\n\n\n\n<li><strong>K\u00e4the<\/strong> \u2013 Abenteurer, Kletterfan und Workaholic, bringt kreatives Chaos in unser Team.<\/li>\n<\/ul>\n\n\n\n<div class=\"wp-block-group is-nowrap is-layout-flex wp-container-core-group-is-layout-6c531013 wp-block-group-is-layout-flex\">\n<p>Gemeinsam erkunden wir Europa auf unseren Reisen, immer auf der Suche nach sch\u00f6nen Momenten, kleinen Abenteuern und neuen Eindr\u00fccken. Auf diesem Blog teilen wir unsere Erlebnisse, Eindr\u00fccke und Geschichten \u2013 als digitales Reisetagebuch f\u00fcr uns selbst und f\u00fcr Familie und Freunde.<\/p>\n<\/div>\n\n\n\n<p>Ob Bergwanderungen, Klettertouren oder einfach gem\u00fctliche Abende \u2013 wir nehmen euch mit auf jede Etappe unserer Reise.<\/p>\n\n\n\n<p>Lasst euch inspirieren, begleitet unser zw\u00f6lfbeiniges Team ein St\u00fcck auf seinem Weg \u2013 und entdeckt die Vielfalt Europas durch unsere Augen.<\/p>\n\n\n\n<p><strong>Cima &amp; Happy, Tobi &amp; K\u00e4the<\/strong><\/p>\n","protected":false},"excerpt":{"rendered":"<p>Willkommen auf unserem Blog! Ja, hallo erstmal&#8230; Wir wissen gar&nbsp;nicht, ob Sie&#8217;s&nbsp;wussten&#8230; Wir sind ein reiselustiges, bergaffines, kletterfanatisches, zw\u00f6lfbeiniges Mensch-Hund-Team: Gemeinsam erkunden wir Europa auf unseren Reisen, immer auf der Suche nach sch\u00f6nen Momenten, kleinen Abenteuern und neuen Eindr\u00fccken. Auf diesem Blog teilen wir unsere Erlebnisse, Eindr\u00fccke und Geschichten \u2013 als digitales Reisetagebuch f\u00fcr uns [&hellip;]<\/p>\n","protected":false},"author":1,"featured_media":0,"parent":0,"menu_order":0,"comment_status":"closed","ping_status":"closed","template":"","meta":{"footnotes":""},"class_list":["post-2","page","type-page","status-publish","hentry"],"_links":{"self":[{"href":"https:\/\/roroblogging.ddns.net\/index.php?rest_route=\/wp\/v2\/pages\/2","targetHints":{"allow":["GET"]}}],"collection":[{"href":"https:\/\/roroblogging.ddns.net\/index.php?rest_route=\/wp\/v2\/pages"}],"about":[{"href":"https:\/\/roroblogging.ddns.net\/index.php?rest_route=\/wp\/v2\/types\/page"}],"author":[{"embeddable":true,"href":"https:\/\/roroblogging.ddns.net\/index.php?rest_route=\/wp\/v2\/users\/1"}],"replies":[{"embeddable":true,"href":"https:\/\/roroblogging.ddns.net\/index.php?rest_route=%2Fwp%2Fv2%2Fcomments&post=2"}],"version-history":[{"count":5,"href":"https:\/\/roroblogging.ddns.net\/index.php?rest_route=\/wp\/v2\/pages\/2\/revisions"}],"predecessor-version":[{"id":22,"href":"https:\/\/roroblogging.ddns.net\/index.php?rest_route=\/wp\/v2\/pages\/2\/revisions\/22"}],"wp:attachment":[{"href":"https:\/\/roroblogging.ddns.net\/index.php?rest_route=%2Fwp%2Fv2%2Fmedia&parent=2"}],"curies":[{"name":"wp","href":"https:\/\/api.w.org\/{rel}","templated":true}]}}